{"id":11,"date":"2024-06-15T01:51:25","date_gmt":"2024-06-14T18:51:25","guid":{"rendered":"https:\/\/thezenchocolatte.com\/?page_id=11"},"modified":"2025-12-12T01:54:14","modified_gmt":"2025-12-11T18:54:14","slug":"about","status":"publish","type":"page","link":"https:\/\/thezenchocolatte.com\/vn\/about\/","title":{"rendered":"About"},"content":{"rendered":"<h3>The Zen Chocolatte<\/h3>\n<blockquote><p><em>simplicity within complexity.<br \/>\n<\/em><\/p><\/blockquote>\n<p>The Zen Chocolatte is a little corner where I share about simple living, learning, and more.<br \/>\nIt\u2019s a space for me to slow down and remind myself how to enjoy everyday life in many aspects.<\/p>\n<p>Minimalistic and simple lifestyle, mindful productivity and documentation of my learning journey would be the main topics for now. I&#8217;ll explore more topics over time.<\/p>\n<p>I&#8217;m looking forward to sharing more of my knowledge and ideas with everyone along the way. Let&#8217;s see how it grows!<\/p>\n<h3>Author<\/h3>\n<p>My name is Sui (\u7fe0), and I&#8217;m a person who thrives on chocolate and matcha latte.<\/p>\n<p>A multi-hobbyist who likes to explore many (new) things and create a little space to document their own journey, step by step.<\/p>","protected":false},"excerpt":{"rendered":"<p>The Zen Chocolatte simplicity within complexity. The Zen Chocolatte is a little corner where I share about simple living, learning, and more. It\u2019s a space for me to slow down and remind myself how to enjoy everyday life in many aspects. Minimalistic and simple lifestyle, mindful productivity and documentation of my learning journey would be [&hellip;]<\/p>\n","protected":false},"author":3,"featured_media":0,"parent":0,"menu_order":0,"comment_status":"closed","ping_status":"closed","template":"","meta":{"_coblocks_attr":"","_coblocks_dimensions":"","_coblocks_responsive_height":"","_coblocks_accordion_ie_support":"","advgb_blocks_editor_width":"","advgb_blocks_columns_visual_guide":"","_monsterinsights_skip_tracking":false,"_monsterinsights_sitenote_active":false,"_monsterinsights_sitenote_note":"","_monsterinsights_sitenote_category":0,"_themeisle_gutenberg_block_has_review":false,"footnotes":""},"class_list":["post-11","page","type-page","status-publish","hentry"],"yoast_head":"<!-- This site is optimized with the Yoast SEO plugin v27.5 - https:\/\/yoast.com\/product\/yoast-seo-wordpress\/ -->\n<title>About - The Zen ChocoLatte<\/title>\n<meta name=\"robots\" content=\"index, follow, max-snippet:-1, max-image-preview:large, max-video-preview:-1\" \/>\n<link rel=\"canonical\" href=\"https:\/\/thezenchocolatte.com\/vn\/about\/\" \/>\n<meta property=\"og:locale\" content=\"vi_VN\" \/>\n<meta property=\"og:type\" content=\"article\" \/>\n<meta property=\"og:title\" content=\"About - The Zen ChocoLatte\" \/>\n<meta property=\"og:description\" content=\"The Zen Chocolatte simplicity within complexity. The Zen Chocolatte is a little corner where I share about simple living, learning, and more. It\u2019s a space for me to slow down and remind myself how to enjoy everyday life in many aspects. Minimalistic and simple lifestyle, mindful productivity and documentation of my learning journey would be [&hellip;]\" \/>\n<meta property=\"og:url\" content=\"https:\/\/thezenchocolatte.com\/vn\/about\/\" \/>\n<meta property=\"og:site_name\" content=\"The Zen ChocoLatte\" \/>\n<meta property=\"article:modified_time\" content=\"2025-12-11T18:54:14+00:00\" \/>\n<meta name=\"twitter:card\" content=\"summary_large_image\" \/>\n<meta name=\"twitter:label1\" content=\"\u01af\u1edbc t\u00ednh th\u1eddi gian \u0111\u1ecdc\" \/>\n\t<meta name=\"twitter:data1\" content=\"1 ph\u00fat\" \/>\n<script type=\"application\/ld+json\" class=\"yoast-schema-graph\">{\"@context\":\"https:\\\/\\\/schema.org\",\"@graph\":[{\"@type\":\"WebPage\",\"@id\":\"https:\\\/\\\/thezenchocolatte.com\\\/vn\\\/about\\\/\",\"url\":\"https:\\\/\\\/thezenchocolatte.com\\\/vn\\\/about\\\/\",\"name\":\"About - The Zen ChocoLatte\",\"isPartOf\":{\"@id\":\"https:\\\/\\\/thezenchocolatte.com\\\/vn\\\/#website\"},\"datePublished\":\"2024-06-14T18:51:25+00:00\",\"dateModified\":\"2025-12-11T18:54:14+00:00\",\"breadcrumb\":{\"@id\":\"https:\\\/\\\/thezenchocolatte.com\\\/vn\\\/about\\\/#breadcrumb\"},\"inLanguage\":\"vi\",\"potentialAction\":[{\"@type\":\"ReadAction\",\"target\":[\"https:\\\/\\\/thezenchocolatte.com\\\/vn\\\/about\\\/\"]}]},{\"@type\":\"BreadcrumbList\",\"@id\":\"https:\\\/\\\/thezenchocolatte.com\\\/vn\\\/about\\\/#breadcrumb\",\"itemListElement\":[{\"@type\":\"ListItem\",\"position\":1,\"name\":\"Home\",\"item\":\"https:\\\/\\\/thezenchocolatte.com\\\/\"},{\"@type\":\"ListItem\",\"position\":2,\"name\":\"About\"}]},{\"@type\":\"WebSite\",\"@id\":\"https:\\\/\\\/thezenchocolatte.com\\\/vn\\\/#website\",\"url\":\"https:\\\/\\\/thezenchocolatte.com\\\/vn\\\/\",\"name\":\"The Zen ChocoLatte\",\"description\":\"Simplicity within complexity.\",\"potentialAction\":[{\"@type\":\"SearchAction\",\"target\":{\"@type\":\"EntryPoint\",\"urlTemplate\":\"https:\\\/\\\/thezenchocolatte.com\\\/vn\\\/?s={search_term_string}\"},\"query-input\":{\"@type\":\"PropertyValueSpecification\",\"valueRequired\":true,\"valueName\":\"search_term_string\"}}],\"inLanguage\":\"vi\"}]}<\/script>\n<!-- \/ Yoast SEO plugin. -->","yoast_head_json":{"title":"About - The Zen ChocoLatte","robots":{"index":"index","follow":"follow","max-snippet":"max-snippet:-1","max-image-preview":"max-image-preview:large","max-video-preview":"max-video-preview:-1"},"canonical":"https:\/\/thezenchocolatte.com\/vn\/about\/","og_locale":"vi_VN","og_type":"article","og_title":"About - The Zen ChocoLatte","og_description":"The Zen Chocolatte simplicity within complexity. The Zen Chocolatte is a little corner where I share about simple living, learning, and more. It\u2019s a space for me to slow down and remind myself how to enjoy everyday life in many aspects. Minimalistic and simple lifestyle, mindful productivity and documentation of my learning journey would be [&hellip;]","og_url":"https:\/\/thezenchocolatte.com\/vn\/about\/","og_site_name":"The Zen ChocoLatte","article_modified_time":"2025-12-11T18:54:14+00:00","twitter_card":"summary_large_image","twitter_misc":{"\u01af\u1edbc t\u00ednh th\u1eddi gian \u0111\u1ecdc":"1 ph\u00fat"},"schema":{"@context":"https:\/\/schema.org","@graph":[{"@type":"WebPage","@id":"https:\/\/thezenchocolatte.com\/vn\/about\/","url":"https:\/\/thezenchocolatte.com\/vn\/about\/","name":"About - The Zen ChocoLatte","isPartOf":{"@id":"https:\/\/thezenchocolatte.com\/vn\/#website"},"datePublished":"2024-06-14T18:51:25+00:00","dateModified":"2025-12-11T18:54:14+00:00","breadcrumb":{"@id":"https:\/\/thezenchocolatte.com\/vn\/about\/#breadcrumb"},"inLanguage":"vi","potentialAction":[{"@type":"ReadAction","target":["https:\/\/thezenchocolatte.com\/vn\/about\/"]}]},{"@type":"BreadcrumbList","@id":"https:\/\/thezenchocolatte.com\/vn\/about\/#breadcrumb","itemListElement":[{"@type":"ListItem","position":1,"name":"Home","item":"https:\/\/thezenchocolatte.com\/"},{"@type":"ListItem","position":2,"name":"About"}]},{"@type":"WebSite","@id":"https:\/\/thezenchocolatte.com\/vn\/#website","url":"https:\/\/thezenchocolatte.com\/vn\/","name":"The Zen ChocoLatte","description":"Simplicity within complexity.","potentialAction":[{"@type":"SearchAction","target":{"@type":"EntryPoint","urlTemplate":"https:\/\/thezenchocolatte.com\/vn\/?s={search_term_string}"},"query-input":{"@type":"PropertyValueSpecification","valueRequired":true,"valueName":"search_term_string"}}],"inLanguage":"vi"}]}},"coauthors":[],"author_meta":{"author_link":"https:\/\/thezenchocolatte.com\/vn\/author\/tzcadmin\/","display_name":"TZCadmin"},"relative_dates":{"created":"\u0110\u00e3 \u0111\u0103ng 2 n\u0103m tr\u01b0\u1edbc","modified":"\u0110\u00e3 c\u1eadp nh\u1eadt 5 th\u00e1ng tr\u01b0\u1edbc"},"absolute_dates":{"created":"\u0110\u00e3 \u0111\u0103ng v\u00e0o Th\u00e1ng 6 15, 2024","modified":"C\u1eadp nh\u1eadt v\u00e0o Th\u00e1ng 12 12, 2025"},"absolute_dates_time":{"created":"\u0110\u00e3 \u0111\u0103ng v\u00e0o Th\u00e1ng 6 15, 2024 01:51","modified":"C\u1eadp nh\u1eadt v\u00e0o Th\u00e1ng 12 12, 2025 01:54"},"featured_img_caption":"","featured_img":false,"series_order":"","_links":{"self":[{"href":"https:\/\/thezenchocolatte.com\/vn\/wp-json\/wp\/v2\/pages\/11","targetHints":{"allow":["GET"]}}],"collection":[{"href":"https:\/\/thezenchocolatte.com\/vn\/wp-json\/wp\/v2\/pages"}],"about":[{"href":"https:\/\/thezenchocolatte.com\/vn\/wp-json\/wp\/v2\/types\/page"}],"author":[{"embeddable":true,"href":"https:\/\/thezenchocolatte.com\/vn\/wp-json\/wp\/v2\/users\/3"}],"replies":[{"embeddable":true,"href":"https:\/\/thezenchocolatte.com\/vn\/wp-json\/wp\/v2\/comments?post=11"}],"version-history":[{"count":11,"href":"https:\/\/thezenchocolatte.com\/vn\/wp-json\/wp\/v2\/pages\/11\/revisions"}],"predecessor-version":[{"id":329,"href":"https:\/\/thezenchocolatte.com\/vn\/wp-json\/wp\/v2\/pages\/11\/revisions\/329"}],"wp:attachment":[{"href":"https:\/\/thezenchocolatte.com\/vn\/wp-json\/wp\/v2\/media?parent=11"}],"curies":[{"name":"wp","href":"https:\/\/api.w.org\/{rel}","templated":true}]}}