{"id":143,"date":"2024-06-16T03:02:24","date_gmt":"2024-06-15T20:02:24","guid":{"rendered":"https:\/\/thezenchocolatte.com\/?page_id=143"},"modified":"2024-12-13T00:26:51","modified_gmt":"2024-12-12T17:26:51","slug":"archive","status":"publish","type":"page","link":"https:\/\/thezenchocolatte.com\/vn\/blog\/archive\/","title":{"rendered":"Archive"},"content":{"rendered":"<h2 class=\"wp-block-post-title\">Archive<\/h2>\n\n\n<div class=\"wp-block-columns is-layout-flex wp-container-core-columns-is-layout-28f84493 wp-block-columns-is-layout-flex\">\n<div class=\"wp-block-column is-layout-flow wp-block-column-is-layout-flow\"><ul class=\"wp-block-categories-list wp-block-categories\">\t<li class=\"cat-item cat-item-1\"><a href=\"https:\/\/thezenchocolatte.com\/vn\/topics\/uncategorized\/\">Uncategorized<\/a><span class=\"count\">1<\/span>\n<\/li>\n<\/ul><\/div>\n\n\n\n<div class=\"wp-block-column is-layout-flow wp-block-column-is-layout-flow\"><p class=\"wp-block-tag-cloud\">Ch\u01b0a c\u00f3 n\u1ed9i dung n\u00e0o \u0111\u1ec3 hi\u1ec3n th\u1ecb \u1edf \u0111\u00e2y.<\/p><\/div>\n<\/div>\n\n\n<ul class=\"wp-block-archives-list wp-block-archives\">\t<li><a href='https:\/\/thezenchocolatte.com\/vn\/2024\/06\/'>Th\u00e1ng 6 2024<\/a>&nbsp;(1)<\/li>\n<\/ul>","protected":false},"excerpt":{"rendered":"","protected":false},"author":3,"featured_media":0,"parent":20,"menu_order":0,"comment_status":"closed","ping_status":"closed","template":"template-no-title","meta":{"_coblocks_attr":"","_coblocks_dimensions":"","_coblocks_responsive_height":"","_coblocks_accordion_ie_support":"","advgb_blocks_editor_width":"","advgb_blocks_columns_visual_guide":"","_monsterinsights_skip_tracking":false,"_monsterinsights_sitenote_active":false,"_monsterinsights_sitenote_note":"","_monsterinsights_sitenote_category":0,"_themeisle_gutenberg_block_has_review":false,"footnotes":""},"class_list":["post-143","page","type-page","status-publish","hentry"],"yoast_head":"<!-- This site is optimized with the Yoast SEO plugin v27.5 - https:\/\/yoast.com\/product\/yoast-seo-wordpress\/ -->\n<title>Archive - The Zen ChocoLatte<\/title>\n<meta name=\"robots\" content=\"index, follow, max-snippet:-1, max-image-preview:large, max-video-preview:-1\" \/>\n<link rel=\"canonical\" href=\"https:\/\/thezenchocolatte.com\/vn\/blog\/archive\/\" \/>\n<meta property=\"og:locale\" content=\"vi_VN\" \/>\n<meta property=\"og:type\" content=\"article\" \/>\n<meta property=\"og:title\" content=\"Archive - The Zen ChocoLatte\" \/>\n<meta property=\"og:url\" content=\"https:\/\/thezenchocolatte.com\/vn\/blog\/archive\/\" \/>\n<meta property=\"og:site_name\" content=\"The Zen ChocoLatte\" \/>\n<meta property=\"article:modified_time\" content=\"2024-12-12T17:26:51+00:00\" \/>\n<meta name=\"twitter:card\" content=\"summary_large_image\" \/>\n<script type=\"application\/ld+json\" class=\"yoast-schema-graph\">{\"@context\":\"https:\\\/\\\/schema.org\",\"@graph\":[{\"@type\":\"WebPage\",\"@id\":\"https:\\\/\\\/thezenchocolatte.com\\\/vn\\\/blog\\\/archive\\\/\",\"url\":\"https:\\\/\\\/thezenchocolatte.com\\\/vn\\\/blog\\\/archive\\\/\",\"name\":\"Archive - The Zen ChocoLatte\",\"isPartOf\":{\"@id\":\"https:\\\/\\\/thezenchocolatte.com\\\/vn\\\/#website\"},\"datePublished\":\"2024-06-15T20:02:24+00:00\",\"dateModified\":\"2024-12-12T17:26:51+00:00\",\"breadcrumb\":{\"@id\":\"https:\\\/\\\/thezenchocolatte.com\\\/vn\\\/blog\\\/archive\\\/#breadcrumb\"},\"inLanguage\":\"vi\",\"potentialAction\":[{\"@type\":\"ReadAction\",\"target\":[\"https:\\\/\\\/thezenchocolatte.com\\\/vn\\\/blog\\\/archive\\\/\"]}]},{\"@type\":\"BreadcrumbList\",\"@id\":\"https:\\\/\\\/thezenchocolatte.com\\\/vn\\\/blog\\\/archive\\\/#breadcrumb\",\"itemListElement\":[{\"@type\":\"ListItem\",\"position\":1,\"name\":\"Home\",\"item\":\"https:\\\/\\\/thezenchocolatte.com\\\/\"},{\"@type\":\"ListItem\",\"position\":2,\"name\":\"Blog\",\"item\":\"https:\\\/\\\/thezenchocolatte.com\\\/blog\\\/\"},{\"@type\":\"ListItem\",\"position\":3,\"name\":\"Archive\"}]},{\"@type\":\"WebSite\",\"@id\":\"https:\\\/\\\/thezenchocolatte.com\\\/vn\\\/#website\",\"url\":\"https:\\\/\\\/thezenchocolatte.com\\\/vn\\\/\",\"name\":\"The Zen ChocoLatte\",\"description\":\"Simplicity within complexity.\",\"potentialAction\":[{\"@type\":\"SearchAction\",\"target\":{\"@type\":\"EntryPoint\",\"urlTemplate\":\"https:\\\/\\\/thezenchocolatte.com\\\/vn\\\/?s={search_term_string}\"},\"query-input\":{\"@type\":\"PropertyValueSpecification\",\"valueRequired\":true,\"valueName\":\"search_term_string\"}}],\"inLanguage\":\"vi\"}]}<\/script>\n<!-- \/ Yoast SEO plugin. -->","yoast_head_json":{"title":"Archive - The Zen ChocoLatte","robots":{"index":"index","follow":"follow","max-snippet":"max-snippet:-1","max-image-preview":"max-image-preview:large","max-video-preview":"max-video-preview:-1"},"canonical":"https:\/\/thezenchocolatte.com\/vn\/blog\/archive\/","og_locale":"vi_VN","og_type":"article","og_title":"Archive - The Zen ChocoLatte","og_url":"https:\/\/thezenchocolatte.com\/vn\/blog\/archive\/","og_site_name":"The Zen ChocoLatte","article_modified_time":"2024-12-12T17:26:51+00:00","twitter_card":"summary_large_image","schema":{"@context":"https:\/\/schema.org","@graph":[{"@type":"WebPage","@id":"https:\/\/thezenchocolatte.com\/vn\/blog\/archive\/","url":"https:\/\/thezenchocolatte.com\/vn\/blog\/archive\/","name":"Archive - The Zen ChocoLatte","isPartOf":{"@id":"https:\/\/thezenchocolatte.com\/vn\/#website"},"datePublished":"2024-06-15T20:02:24+00:00","dateModified":"2024-12-12T17:26:51+00:00","breadcrumb":{"@id":"https:\/\/thezenchocolatte.com\/vn\/blog\/archive\/#breadcrumb"},"inLanguage":"vi","potentialAction":[{"@type":"ReadAction","target":["https:\/\/thezenchocolatte.com\/vn\/blog\/archive\/"]}]},{"@type":"BreadcrumbList","@id":"https:\/\/thezenchocolatte.com\/vn\/blog\/archive\/#breadcrumb","itemListElement":[{"@type":"ListItem","position":1,"name":"Home","item":"https:\/\/thezenchocolatte.com\/"},{"@type":"ListItem","position":2,"name":"Blog","item":"https:\/\/thezenchocolatte.com\/blog\/"},{"@type":"ListItem","position":3,"name":"Archive"}]},{"@type":"WebSite","@id":"https:\/\/thezenchocolatte.com\/vn\/#website","url":"https:\/\/thezenchocolatte.com\/vn\/","name":"The Zen ChocoLatte","description":"Simplicity within complexity.","potentialAction":[{"@type":"SearchAction","target":{"@type":"EntryPoint","urlTemplate":"https:\/\/thezenchocolatte.com\/vn\/?s={search_term_string}"},"query-input":{"@type":"PropertyValueSpecification","valueRequired":true,"valueName":"search_term_string"}}],"inLanguage":"vi"}]}},"coauthors":[],"author_meta":{"author_link":"https:\/\/thezenchocolatte.com\/vn\/author\/tzcadmin\/","display_name":"TZCadmin"},"relative_dates":{"created":"\u0110\u00e3 \u0111\u0103ng 2 n\u0103m tr\u01b0\u1edbc","modified":"\u0110\u00e3 c\u1eadp nh\u1eadt 1 n\u0103m tr\u01b0\u1edbc"},"absolute_dates":{"created":"\u0110\u00e3 \u0111\u0103ng v\u00e0o Th\u00e1ng 6 16, 2024","modified":"C\u1eadp nh\u1eadt v\u00e0o Th\u00e1ng 12 13, 2024"},"absolute_dates_time":{"created":"\u0110\u00e3 \u0111\u0103ng v\u00e0o Th\u00e1ng 6 16, 2024 03:02","modified":"C\u1eadp nh\u1eadt v\u00e0o Th\u00e1ng 12 13, 2024 00:26"},"featured_img_caption":"","featured_img":false,"series_order":"","_links":{"self":[{"href":"https:\/\/thezenchocolatte.com\/vn\/wp-json\/wp\/v2\/pages\/143","targetHints":{"allow":["GET"]}}],"collection":[{"href":"https:\/\/thezenchocolatte.com\/vn\/wp-json\/wp\/v2\/pages"}],"about":[{"href":"https:\/\/thezenchocolatte.com\/vn\/wp-json\/wp\/v2\/types\/page"}],"author":[{"embeddable":true,"href":"https:\/\/thezenchocolatte.com\/vn\/wp-json\/wp\/v2\/users\/3"}],"replies":[{"embeddable":true,"href":"https:\/\/thezenchocolatte.com\/vn\/wp-json\/wp\/v2\/comments?post=143"}],"version-history":[{"count":2,"href":"https:\/\/thezenchocolatte.com\/vn\/wp-json\/wp\/v2\/pages\/143\/revisions"}],"predecessor-version":[{"id":194,"href":"https:\/\/thezenchocolatte.com\/vn\/wp-json\/wp\/v2\/pages\/143\/revisions\/194"}],"up":[{"embeddable":true,"href":"https:\/\/thezenchocolatte.com\/vn\/wp-json\/wp\/v2\/pages\/20"}],"wp:attachment":[{"href":"https:\/\/thezenchocolatte.com\/vn\/wp-json\/wp\/v2\/media?parent=143"}],"curies":[{"name":"wp","href":"https:\/\/api.w.org\/{rel}","templated":true}]}}